{"id":38,"date":"2015-05-08T08:41:22","date_gmt":"2015-05-08T08:41:22","guid":{"rendered":"http:\/\/w2.berakomusikaeskola.eus\/?page_id=38"},"modified":"2015-05-08T11:27:52","modified_gmt":"2015-05-08T11:27:52","slug":"accesibilidad","status":"publish","type":"page","link":"http:\/\/www.berakomusikaeskola.eus\/es\/general\/accesibilidad\/","title":{"rendered":"Accesibilidad"},"content":{"rendered":"<p><\/p>\n<p>En el Ayuntamiento de Bera trabajamos para estar cada d\u00eda m\u00e1s cerca del ciudadano.<\/p>\n<p>Cada usuario navega de manera diferente. Algunos nos encontramos con barreras tecnol\u00f3gicas, como una conexi\u00f3n a Internet lenta, o un ordenador antiguo. Otros podemos tener problemas para comprender el lenguaje empleado, o las herramientas de navegaci\u00f3n del sitio. Tambi\u00e9n podemos tener limitaciones f\u00edsicas, ya sean visuales, auditivas o de movilidad, que nos dificulten, o incluso impidan acceder al contenido del web.<\/p>\n<p>Una web de dise\u00f1o tradicional no tiene en cuenta estas diferencias, por lo que no permitir\u00e1 navegar correctamente a quien por ejemplo, no pueda usar el rat\u00f3n, ver la informaci\u00f3n que aparece por pantalla, o escuchar la que se emite a trav\u00e9s de los altavoces.<br \/>\n\u00bfQu\u00e9 es una web accesible?<\/p>\n<p>Es una web cuyos contenidos y servicios puede disfrutar cualquier persona, independientemente de barreras f\u00edsicas, de conocimiento, o derivadas del entorno.<\/p>\n<p>Su dise\u00f1o es sencillo y est\u00e1ndar. Esto permite que funcionen herramientas muy distintas, como los sintetizadores de voz, que \u00ableen en voz alta\u00bb el contenido de una web.<\/p>\n<p>Sus textos son llanos y directos. De este modo se eliminan las barreras de comprensi\u00f3n.<\/p>\n<p>Sus contenidos audiovisuales est\u00e1n descritos textualmente. Lo que hace -por ejemplo- que un invidente pueda escuchar una descripci\u00f3n de la imagen que no puede ver.<\/p>\n<p>Su estructura es clara, sencilla e intuitiva y proporciona ayudas para la navegaci\u00f3n. As\u00ed, ayuda a quienes por desconocimiento del medio, barreras culturales, educativas, o de comprensi\u00f3n, tienen dificultades para desplazarse dentro de la informaci\u00f3n del web.<br \/>\nCompatibilidad con est\u00e1ndares<\/p>\n<p>Este sitio web ha sido redise\u00f1ado y programado siguiendo las directrices de la \u00abIniciativa de Accesibilidad Web\u00bb (WAI: Web Accessibility Initiative &#8211; http:\/\/www.w3.org\/wai ), del consorcio W3C, encargado de regularizar y mejorar el uso de internet. Estas normas definen unos est\u00e1ndares internacionales en la creaci\u00f3n de p\u00e1ginas web accesibles.<\/p>\n<p>En nuestra web seguimos los est\u00e1ndares del W3C relativos a CSS, XHTML y WAI-AA. Para comprobar la conformidad con el nivel AA de accesibilidad, a nivel autom\u00e1tico, hemos empleado la herramienta TAW (Test de Accesibilidad Web). Todo esto nos lleva a conseguir los siguientes sellos:<\/p>\n<p>\u00a1CSS V\u00e1lido!, abre nueva ventana<br \/>\nValid XHTML 1.0!, abre nueva ventana<br \/>\nCumplimiento de las pautas nivel AA del w3c, abre nueva ventana<br \/>\nValidaci\u00f3n TAW, abre nueva ventana<\/p>\n<p>Dise\u00f1o accesible<\/p>\n<p>Hemos seguido varias pautas de dise\u00f1o accesible:<\/p>\n<p>La maquetaci\u00f3n est\u00e1 basada en hojas de estilo en vez de en tablas. Esto permite que el usuario pueda ajustar la apariencia, contraste y tama\u00f1o de la web a sus necesidades, si dispone de hojas de estilo personales.<br \/>\nSe ha buscado proporcionar un contraste suficiente entre elementos, para lo que se han variado algunas combinaciones de colores del web.<br \/>\nLos tama\u00f1os de fuente y otros elementos usan medidas relativas, para que se pueda ampliar o disminuir su tama\u00f1o desde las opciones del navegador.<br \/>\nSe ha empleado un dise\u00f1o sem\u00e1ntico. Es decir, se ha definido mediante c\u00f3digo HTML la estructura l\u00f3gica de todas las p\u00e1ginas, empleando encabezados, listas, enlaces, im\u00e1genes&#8230; De esta manera las p\u00e1ginas son comprensibles tanto visualmente como al ser le\u00eddas por un sintetizador de voz y tanto con hojas de estilo CSS como sin ellas. Este tipo de dise\u00f1o tambi\u00e9n ayuda a que la p\u00e1gina se presente adecuadamente sobre distintos navegadores y sistemas operativos.<br \/>\nLos elementos no textuales incluyen una descripci\u00f3n textual, que puede ser \u00able\u00edda\u00bb por un sintetizador de voz.<br \/>\nExisten ayudas a la navegaci\u00f3n como las migas de pan y las teclas de acceso directo.<br \/>\nCuando se realizan funciones mediante programaci\u00f3n SCRIPT, se proporciona una alternativa no basada en SCRIPT, para los navegadores que no soportan o tienen deshabilitada esta funci\u00f3n.<\/p>\n<p>Atajos de teclado<\/p>\n<p>A continuaci\u00f3n le detallamos la lista de atajos que puede emplear en este sitio web:<\/p>\n<p>I: Portada &#8211; Inicio.<br \/>\nY: Ayuntamiento.<br \/>\nL: Lugar y gentes.<br \/>\nM: Turismo.<br \/>\nE: Econom\u00eda.<br \/>\nF: \u00c1lbum de Fotos.<br \/>\nT: El Tiempo.<br \/>\nS: Aviso Legal.<br \/>\nW: Mapa Web.<br \/>\nZ: Buz\u00f3n.<br \/>\nA: Accesibilidad.<br \/>\nC: Colaboradores.<br \/>\nR: Tr\u00e1mites.<br \/>\nK: Euskera. Si tiene cambio de idioma.<\/p>\n<p>Para emplear estos atajos de teclado puede utilizar las siguientes combinaciones de teclas:<\/p>\n<p>Internet Explorer: ALT + letra + ENTER.<br \/>\nNetscape &#8211; FireFox: ALT + letra.<br \/>\nOpera: MAY\u00daSCULAS + ESC + letra.<\/p>\n<p>Aumentar el tama\u00f1o de visualizaci\u00f3n de la web<\/p>\n<p>Como explicamos anteriormente, se ha modificado la maquetaci\u00f3n del web para que el usuario pueda adaptar al tama\u00f1o deseado no s\u00f3lo el texto, sino el web completo de manera proporcional. Si desea aumentar o disminuir el tama\u00f1o de la presentaci\u00f3n, puede hacerlo:<\/p>\n<p>Internet Explorer:<\/p>\n<p>Para aumentar: pulse ctrl y mueva hacia adelante la rueda central del rat\u00f3n.<br \/>\nPara disminuir: pulse ctrl y mueva hacia atr\u00e1s la rueda central del rat\u00f3n.<\/p>\n<p>Netscape &#8211; Mozilla:<\/p>\n<p>Pulse ctrl y a la vez tecla &#8216;+&#8217; para aumentar<br \/>\nPulse ctrl y a la vez tecla &#8216;-&#8216; para disminuir<\/p>\n<p>Tambi\u00e9n, a trav\u00e9s del men\u00fa de su navegador: &#8216;ver&#8217; > &#8216;tama\u00f1o del texto&#8217;.<br \/>\nMejoramos con SU ayuda<\/p>\n<p>Seguimos trabajando para hacer accesibles tambi\u00e9n los elementos adjuntos a nuestra web, como documentos en formato no HTML (Adobe PDF, Microsoft Excel y Microsoft Word).<\/p>\n<p>El trabajo de hacer una p\u00e1gina como \u00e9sta, accesible para todos nuestros ciudadanos no termina nunca. Si encuentra cualquier problema, o quiere sugerir un cambio para mejorar la accesibilidad de esta web, esperamos su opini\u00f3n en nuestro Buz\u00f3n de sugerencias.<\/p>","protected":false},"excerpt":{"rendered":"<p>En el Ayuntamiento de Bera trabajamos para estar cada d\u00eda m\u00e1s cerca del ciudadano. Cada usuario navega de manera diferente. Algunos nos encontramos con barreras tecnol\u00f3gicas, como una conexi\u00f3n a Internet lenta, o un ordenador antiguo. Otros podemos tener problemas&hellip; <\/p>\n","protected":false},"author":9558,"featured_media":0,"parent":36,"menu_order":0,"comment_status":"closed","ping_status":"closed","template":"","meta":{"_monsterinsights_skip_tracking":false,"_monsterinsights_sitenote_active":false,"_monsterinsights_sitenote_note":"","_monsterinsights_sitenote_category":0,"footnotes":""},"class_list":["post-38","page","type-page","status-publish","hentry"],"yoast_head":"<!-- This site is optimized with the Yoast SEO plugin v26.8 - https:\/\/yoast.com\/product\/yoast-seo-wordpress\/ -->\r\n<title>AccesibilidadErabilerreztasuna - Berako Musika Eskola - Escuela de m\u00fasica de Bera<\/title>\r\n<meta name=\"robots\" content=\"index, follow, max-snippet:-1, max-image-preview:large, max-video-preview:-1\" \/>\r\n<link rel=\"canonical\" href=\"http:\/\/www.berakomusikaeskola.eus\/es\/general\/accesibilidad\/\" \/>\r\n<meta property=\"og:locale\" content=\"es_ES\" \/>\r\n<meta property=\"og:type\" content=\"article\" \/>\r\n<meta property=\"og:title\" content=\"AccesibilidadErabilerreztasuna - Berako Musika Eskola - Escuela de m\u00fasica de Bera\" \/>\r\n<meta property=\"og:description\" content=\"En el Ayuntamiento de Bera trabajamos para estar cada d\u00eda m\u00e1s cerca del ciudadano. Cada usuario navega de manera diferente. Algunos nos encontramos con barreras tecnol\u00f3gicas, como una conexi\u00f3n a Internet lenta, o un ordenador antiguo. Otros podemos tener problemas&hellip;\" \/>\r\n<meta property=\"og:url\" content=\"http:\/\/www.berakomusikaeskola.eus\/es\/general\/accesibilidad\/\" \/>\r\n<meta property=\"og:site_name\" content=\"Berako Musika Eskola - Escuela de m\u00fasica de Bera\" \/>\r\n<meta property=\"article:modified_time\" content=\"2015-05-08T11:27:52+00:00\" \/>\r\n<meta name=\"twitter:card\" content=\"summary_large_image\" \/>\r\n<meta name=\"twitter:label1\" content=\"Tiempo de lectura\" \/>\n\t<meta name=\"twitter:data1\" content=\"8 minutos\" \/>\r\n<script type=\"application\/ld+json\" class=\"yoast-schema-graph\">{\"@context\":\"https:\/\/schema.org\",\"@graph\":[{\"@type\":\"WebPage\",\"@id\":\"http:\/\/www.berakomusikaeskola.eus\/es\/general\/accesibilidad\/\",\"url\":\"http:\/\/www.berakomusikaeskola.eus\/es\/general\/accesibilidad\/\",\"name\":\"AccesibilidadErabilerreztasuna - Berako Musika Eskola - Escuela de m\u00fasica de Bera\",\"isPartOf\":{\"@id\":\"http:\/\/www.berakomusikaeskola.eus\/es\/#website\"},\"datePublished\":\"2015-05-08T08:41:22+00:00\",\"dateModified\":\"2015-05-08T11:27:52+00:00\",\"breadcrumb\":{\"@id\":\"http:\/\/www.berakomusikaeskola.eus\/es\/general\/accesibilidad\/#breadcrumb\"},\"inLanguage\":\"es\",\"potentialAction\":[{\"@type\":\"ReadAction\",\"target\":[[\"http:\/\/www.berakomusikaeskola.eus\/es\/general\/accesibilidad\/\"]]}]},{\"@type\":\"BreadcrumbList\",\"@id\":\"http:\/\/www.berakomusikaeskola.eus\/es\/general\/accesibilidad\/#breadcrumb\",\"itemListElement\":[{\"@type\":\"ListItem\",\"position\":1,\"name\":\"Portada\",\"item\":\"http:\/\/www.berakomusikaeskola.eus\/es\/\"},{\"@type\":\"ListItem\",\"position\":2,\"name\":\"Accesibilidad\"}]},{\"@type\":\"WebSite\",\"@id\":\"http:\/\/www.berakomusikaeskola.eus\/es\/#website\",\"url\":\"http:\/\/www.berakomusikaeskola.eus\/es\/\",\"name\":\"Berako Musika Eskola - Escuela de m\u00fasica de Bera\",\"description\":\"Isidoro Fagoaga - Escuela de m\u00fasica de Bera - Berako musika eskola\",\"potentialAction\":[{\"@type\":\"SearchAction\",\"target\":{\"@type\":\"EntryPoint\",\"urlTemplate\":\"http:\/\/www.berakomusikaeskola.eus\/es\/?s={search_term_string}\"},\"query-input\":{\"@type\":\"PropertyValueSpecification\",\"valueRequired\":true,\"valueName\":\"search_term_string\"}}],\"inLanguage\":\"es\"}]}<\/script>\r\n<!-- \/ Yoast SEO plugin. -->","yoast_head_json":{"title":"AccesibilidadErabilerreztasuna - Berako Musika Eskola - Escuela de m\u00fasica de Bera","robots":{"index":"index","follow":"follow","max-snippet":"max-snippet:-1","max-image-preview":"max-image-preview:large","max-video-preview":"max-video-preview:-1"},"canonical":"http:\/\/www.berakomusikaeskola.eus\/es\/general\/accesibilidad\/","og_locale":"es_ES","og_type":"article","og_title":"AccesibilidadErabilerreztasuna - Berako Musika Eskola - Escuela de m\u00fasica de Bera","og_description":"En el Ayuntamiento de Bera trabajamos para estar cada d\u00eda m\u00e1s cerca del ciudadano. Cada usuario navega de manera diferente. Algunos nos encontramos con barreras tecnol\u00f3gicas, como una conexi\u00f3n a Internet lenta, o un ordenador antiguo. Otros podemos tener problemas&hellip;","og_url":"http:\/\/www.berakomusikaeskola.eus\/es\/general\/accesibilidad\/","og_site_name":"Berako Musika Eskola - Escuela de m\u00fasica de Bera","article_modified_time":"2015-05-08T11:27:52+00:00","twitter_card":"summary_large_image","twitter_misc":{"Tiempo de lectura":"8 minutos"},"schema":{"@context":"https:\/\/schema.org","@graph":[{"@type":"WebPage","@id":"http:\/\/www.berakomusikaeskola.eus\/es\/general\/accesibilidad\/","url":"http:\/\/www.berakomusikaeskola.eus\/es\/general\/accesibilidad\/","name":"AccesibilidadErabilerreztasuna - Berako Musika Eskola - Escuela de m\u00fasica de Bera","isPartOf":{"@id":"http:\/\/www.berakomusikaeskola.eus\/es\/#website"},"datePublished":"2015-05-08T08:41:22+00:00","dateModified":"2015-05-08T11:27:52+00:00","breadcrumb":{"@id":"http:\/\/www.berakomusikaeskola.eus\/es\/general\/accesibilidad\/#breadcrumb"},"inLanguage":"es","potentialAction":[{"@type":"ReadAction","target":[["http:\/\/www.berakomusikaeskola.eus\/es\/general\/accesibilidad\/"]]}]},{"@type":"BreadcrumbList","@id":"http:\/\/www.berakomusikaeskola.eus\/es\/general\/accesibilidad\/#breadcrumb","itemListElement":[{"@type":"ListItem","position":1,"name":"Portada","item":"http:\/\/www.berakomusikaeskola.eus\/es\/"},{"@type":"ListItem","position":2,"name":"Accesibilidad"}]},{"@type":"WebSite","@id":"http:\/\/www.berakomusikaeskola.eus\/es\/#website","url":"http:\/\/www.berakomusikaeskola.eus\/es\/","name":"Berako Musika Eskola - Escuela de m\u00fasica de Bera","description":"Isidoro Fagoaga - Escuela de m\u00fasica de Bera - Berako musika eskola","potentialAction":[{"@type":"SearchAction","target":{"@type":"EntryPoint","urlTemplate":"http:\/\/www.berakomusikaeskola.eus\/es\/?s={search_term_string}"},"query-input":{"@type":"PropertyValueSpecification","valueRequired":true,"valueName":"search_term_string"}}],"inLanguage":"es"}]}},"_links":{"self":[{"href":"http:\/\/www.berakomusikaeskola.eus\/es\/wp-json\/wp\/v2\/pages\/38","targetHints":{"allow":["GET"]}}],"collection":[{"href":"http:\/\/www.berakomusikaeskola.eus\/es\/wp-json\/wp\/v2\/pages"}],"about":[{"href":"http:\/\/www.berakomusikaeskola.eus\/es\/wp-json\/wp\/v2\/types\/page"}],"author":[{"embeddable":true,"href":"http:\/\/www.berakomusikaeskola.eus\/es\/wp-json\/wp\/v2\/users\/9558"}],"replies":[{"embeddable":true,"href":"http:\/\/www.berakomusikaeskola.eus\/es\/wp-json\/wp\/v2\/comments?post=38"}],"version-history":[{"count":1,"href":"http:\/\/www.berakomusikaeskola.eus\/es\/wp-json\/wp\/v2\/pages\/38\/revisions"}],"predecessor-version":[{"id":47,"href":"http:\/\/www.berakomusikaeskola.eus\/es\/wp-json\/wp\/v2\/pages\/38\/revisions\/47"}],"up":[{"embeddable":true,"href":"http:\/\/www.berakomusikaeskola.eus\/es\/wp-json\/wp\/v2\/pages\/36"}],"wp:attachment":[{"href":"http:\/\/www.berakomusikaeskola.eus\/es\/wp-json\/wp\/v2\/media?parent=38"}],"curies":[{"name":"wp","href":"https:\/\/api.w.org\/{rel}","templated":true}]}}